{"id":34,"date":"2012-11-13T14:59:59","date_gmt":"2012-11-13T15:59:59","guid":{"rendered":"http:\/\/latortue.de\/?page_id=34"},"modified":"2016-11-04T17:41:44","modified_gmt":"2016-11-04T15:41:44","slug":"arielle","status":"publish","type":"page","link":"http:\/\/latortue.de\/?page_id=34","title":{"rendered":"Arielle"},"content":{"rendered":"<p><strong>la Tortue<\/strong><\/p>\n<p><a href=\"http:\/\/latortue.de\/wp-content\/uploads\/2012\/11\/Arielle_Front.jpg\"><img loading=\"lazy\" decoding=\"async\" src=\"http:\/\/latortue.de\/wp-content\/uploads\/2012\/11\/Arielle_Front.jpg\" alt=\"\" title=\"Arielle_Front\" width=\"1024\" height=\"768\" class=\"alignnone size-full wp-image-219\" srcset=\"http:\/\/latortue.de\/wp-content\/uploads\/2012\/11\/Arielle_Front.jpg 1024w, http:\/\/latortue.de\/wp-content\/uploads\/2012\/11\/Arielle_Front-300x225.jpg 300w, http:\/\/latortue.de\/wp-content\/uploads\/2012\/11\/Arielle_Front-400x300.jpg 400w\" sizes=\"auto, (max-width: 1024px) 100vw, 1024px\" \/><\/a><\/p>\n<p>Bezeichnung  : T.E.C. Rotec 652 G Lift<br \/>\nL\u00e4nge        : 6,97 m \/ mit Rollertr\u00e4ger \u00fcber 8 Meter<br \/>\nBreite       : 2,32 m<br \/>\nH\u00f6he         : 2,87 m<br \/>\nGewicht      : 3.500 kg<br \/>\nLeistung     : 130 PS \/ 2287 ccm \/ Fiat Ducato \/ AL-KO Chassis<br \/>\nHeizung      : Truma Comi 6 \/ 5800 Watt \/ 10 Liter Boiler<br \/>\nBatterien    : 285 Ah \/ 3 St\u00fcck  <\/p>\n<p><a href=\"http:\/\/latortue.de\/wp-content\/uploads\/2012\/11\/Arielle_Seite.jpg\"><img loading=\"lazy\" decoding=\"async\" src=\"http:\/\/latortue.de\/wp-content\/uploads\/2012\/11\/Arielle_Seite.jpg\" alt=\"\" title=\"Arielle_Seite\" width=\"1024\" height=\"768\" class=\"alignnone size-full wp-image-210\" srcset=\"http:\/\/latortue.de\/wp-content\/uploads\/2012\/11\/Arielle_Seite.jpg 1024w, http:\/\/latortue.de\/wp-content\/uploads\/2012\/11\/Arielle_Seite-300x225.jpg 300w, http:\/\/latortue.de\/wp-content\/uploads\/2012\/11\/Arielle_Seite-400x300.jpg 400w\" sizes=\"auto, (max-width: 1024px) 100vw, 1024px\" \/><\/a><\/p>\n<p><a href=\"http:\/\/latortue.de\/wp-content\/uploads\/2013\/03\/P1040398.jpg\"><img loading=\"lazy\" decoding=\"async\" src=\"http:\/\/latortue.de\/wp-content\/uploads\/2013\/03\/P1040398.jpg\" alt=\"\" title=\"P1040398\" width=\"1024\" height=\"768\" class=\"alignnone size-full wp-image-205\" srcset=\"http:\/\/latortue.de\/wp-content\/uploads\/2013\/03\/P1040398.jpg 1024w, http:\/\/latortue.de\/wp-content\/uploads\/2013\/03\/P1040398-300x225.jpg 300w, http:\/\/latortue.de\/wp-content\/uploads\/2013\/03\/P1040398-400x300.jpg 400w\" sizes=\"auto, (max-width: 1024px) 100vw, 1024px\" \/><\/a><\/p>\n<p>Und der kleine Bruder Henri le Chat <\/p>\n<p>Vespa PX 221 \/ Malossi Sport \/ Kingwelle Drehschieber  <\/p>\n<p><a href=\"http:\/\/latortue.de\/wp-content\/uploads\/2013\/03\/P10407131.jpg\"><img loading=\"lazy\" decoding=\"async\" src=\"http:\/\/latortue.de\/wp-content\/uploads\/2013\/03\/P10407131.jpg\" alt=\"\" title=\"P1040713\" width=\"768\" height=\"1024\" class=\"alignnone size-full wp-image-303\" srcset=\"http:\/\/latortue.de\/wp-content\/uploads\/2013\/03\/P10407131.jpg 768w, http:\/\/latortue.de\/wp-content\/uploads\/2013\/03\/P10407131-225x300.jpg 225w\" sizes=\"auto, (max-width: 768px) 100vw, 768px\" \/><\/a><\/p>\n<p><a href=\"http:\/\/latortue.de\/wp-content\/uploads\/2013\/03\/P1040716.jpg\"><img loading=\"lazy\" decoding=\"async\" src=\"http:\/\/latortue.de\/wp-content\/uploads\/2013\/03\/P1040716.jpg\" alt=\"\" title=\"P1040716\" width=\"1024\" height=\"768\" class=\"alignnone size-full wp-image-304\" srcset=\"http:\/\/latortue.de\/wp-content\/uploads\/2013\/03\/P1040716.jpg 1024w, http:\/\/latortue.de\/wp-content\/uploads\/2013\/03\/P1040716-300x225.jpg 300w, http:\/\/latortue.de\/wp-content\/uploads\/2013\/03\/P1040716-400x300.jpg 400w\" sizes=\"auto, (max-width: 1024px) 100vw, 1024px\" \/><\/a><\/p>\n","protected":false},"excerpt":{"rendered":"<p>la Tortue Bezeichnung : T.E.C. Rotec 652 G Lift L\u00e4nge : 6,97 m \/ mit Rollertr\u00e4ger \u00fcber 8 Meter Breite : 2,32 m H\u00f6he : 2,87 m Gewicht : 3.500 kg Leistung : 130 PS \/ 2287 ccm \/ Fiat &hellip; <a href=\"http:\/\/latortue.de\/?page_id=34\">Weiterlesen <span class=\"meta-nav\">&rarr;<\/span><\/a><\/p>\n","protected":false},"author":1,"featured_media":0,"parent":0,"menu_order":0,"comment_status":"closed","ping_status":"closed","template":"","meta":{"footnotes":""},"class_list":["post-34","page","type-page","status-publish","hentry"],"_links":{"self":[{"href":"http:\/\/latortue.de\/index.php?rest_route=\/wp\/v2\/pages\/34","targetHints":{"allow":["GET"]}}],"collection":[{"href":"http:\/\/latortue.de\/index.php?rest_route=\/wp\/v2\/pages"}],"about":[{"href":"http:\/\/latortue.de\/index.php?rest_route=\/wp\/v2\/types\/page"}],"author":[{"embeddable":true,"href":"http:\/\/latortue.de\/index.php?rest_route=\/wp\/v2\/users\/1"}],"replies":[{"embeddable":true,"href":"http:\/\/latortue.de\/index.php?rest_route=%2Fwp%2Fv2%2Fcomments&post=34"}],"version-history":[{"count":31,"href":"http:\/\/latortue.de\/index.php?rest_route=\/wp\/v2\/pages\/34\/revisions"}],"predecessor-version":[{"id":7196,"href":"http:\/\/latortue.de\/index.php?rest_route=\/wp\/v2\/pages\/34\/revisions\/7196"}],"wp:attachment":[{"href":"http:\/\/latortue.de\/index.php?rest_route=%2Fwp%2Fv2%2Fmedia&parent=34"}],"curies":[{"name":"wp","href":"https:\/\/api.w.org\/{rel}","templated":true}]}}