{"id":610,"date":"2013-04-19T12:12:31","date_gmt":"2013-04-19T10:12:31","guid":{"rendered":"http:\/\/latortue.de\/?page_id=610"},"modified":"2013-05-24T19:24:19","modified_gmt":"2013-05-24T17:24:19","slug":"ischi-und-sissi","status":"publish","type":"page","link":"http:\/\/latortue.de\/?page_id=610","title":{"rendered":"Ischi und Sissi"},"content":{"rendered":"<p>Poolparty <\/p>\n<p><a href=\"http:\/\/latortue.de\/wp-content\/uploads\/2013\/04\/pool.jpg\"><img loading=\"lazy\" decoding=\"async\" src=\"http:\/\/latortue.de\/wp-content\/uploads\/2013\/04\/pool.jpg\" alt=\"\" title=\"pool\" width=\"1024\" height=\"768\" class=\"alignnone size-full wp-image-1116\" srcset=\"http:\/\/latortue.de\/wp-content\/uploads\/2013\/04\/pool.jpg 1024w, http:\/\/latortue.de\/wp-content\/uploads\/2013\/04\/pool-300x225.jpg 300w, http:\/\/latortue.de\/wp-content\/uploads\/2013\/04\/pool-400x300.jpg 400w\" sizes=\"auto, (max-width: 1024px) 100vw, 1024px\" \/><\/a><\/p>\n<p>Getrennte Betten.<br \/>\nIschi und Sissi ziehen ins Hubbett,  weil der Fahrradtr\u00e4ger wegen Sturm nachts geklappert und das Schlafen unm\u00f6glich gemacht hat.<\/p>\n<p>Ganz sch\u00f6n empfindlich&#8230;<\/p>\n<p><a href=\"http:\/\/latortue.de\/wp-content\/uploads\/2013\/04\/wpid-20130420_085729.jpg\"><img decoding=\"async\" title=\"20130420_085729.jpg\" class=\"alignnone size-full\" alt=\"image\" src=\"http:\/\/latortue.de\/wp-content\/uploads\/2013\/04\/wpid-20130420_085729.jpg\" \/><\/a> <\/p>\n<p>Haustiere an Bord.<br \/>\nAuf dem Platz von Mutti.<\/p>\n<p><a href=\"http:\/\/latortue.de\/wp-content\/uploads\/2013\/04\/wpid-wp-1366367007307.jpg\"><img decoding=\"async\" title=\"wp-1366367007307.jpg\" class=\"alignnone size-full\" alt=\"image\" src=\"http:\/\/latortue.de\/wp-content\/uploads\/2013\/04\/wpid-wp-1366367007307.jpg\" \/><\/a><\/p>\n","protected":false},"excerpt":{"rendered":"<p>Poolparty Getrennte Betten. Ischi und Sissi ziehen ins Hubbett, weil der Fahrradtr\u00e4ger wegen Sturm nachts geklappert und das Schlafen unm\u00f6glich gemacht hat. Ganz sch\u00f6n empfindlich&#8230; Haustiere an Bord. Auf dem Platz von Mutti.<\/p>\n","protected":false},"author":1,"featured_media":0,"parent":0,"menu_order":0,"comment_status":"closed","ping_status":"closed","template":"","meta":{"footnotes":""},"class_list":["post-610","page","type-page","status-publish","hentry"],"_links":{"self":[{"href":"http:\/\/latortue.de\/index.php?rest_route=\/wp\/v2\/pages\/610","targetHints":{"allow":["GET"]}}],"collection":[{"href":"http:\/\/latortue.de\/index.php?rest_route=\/wp\/v2\/pages"}],"about":[{"href":"http:\/\/latortue.de\/index.php?rest_route=\/wp\/v2\/types\/page"}],"author":[{"embeddable":true,"href":"http:\/\/latortue.de\/index.php?rest_route=\/wp\/v2\/users\/1"}],"replies":[{"embeddable":true,"href":"http:\/\/latortue.de\/index.php?rest_route=%2Fwp%2Fv2%2Fcomments&post=610"}],"version-history":[{"count":6,"href":"http:\/\/latortue.de\/index.php?rest_route=\/wp\/v2\/pages\/610\/revisions"}],"predecessor-version":[{"id":1117,"href":"http:\/\/latortue.de\/index.php?rest_route=\/wp\/v2\/pages\/610\/revisions\/1117"}],"wp:attachment":[{"href":"http:\/\/latortue.de\/index.php?rest_route=%2Fwp%2Fv2%2Fmedia&parent=610"}],"curies":[{"name":"wp","href":"https:\/\/api.w.org\/{rel}","templated":true}]}}